{"id":19047,"date":"2022-06-16T07:52:46","date_gmt":"2022-06-16T07:52:46","guid":{"rendered":"https:\/\/www.spg-pack.com\/?page_id=19047"},"modified":"2022-06-16T07:52:55","modified_gmt":"2022-06-16T07:52:55","slug":"dziekuje-embed-post","status":"publish","type":"page","link":"https:\/\/www.spg-pack.com\/pl\/dziekuje-embed-post\/","title":{"rendered":"Dzi\u0119kujemy za kontakt | Post"},"content":{"rendered":"<p style=\"text-align: center;\">Dzi\u0119kujemy za pozostawienie nam informacji, wkr\u00f3tce skontaktujemy si\u0119 z Tob\u0105.<\/p>\n","protected":false},"excerpt":{"rendered":"<p>Dzi\u0119kujemy za pozostawienie nam informacji, wkr\u00f3tce skontaktujemy si\u0119 z Tob\u0105.<\/p>\n","protected":false},"author":10,"featured_media":0,"parent":0,"menu_order":0,"comment_status":"closed","ping_status":"closed","template":"page-gracias.php","meta":{"_acf_changed":false,"_uag_custom_page_level_css":"","footnotes":""},"class_list":["post-19047","page","type-page","status-publish","hentry"],"acf":[],"uagb_featured_image_src":{"full":false,"thumbnail":false,"medium":false,"medium_large":false,"large":false,"1536x1536":false,"2048x2048":false,"destacado-size":false,"cuadrado-size":false},"uagb_author_info":{"display_name":"AGSanchez","author_link":"https:\/\/www.spg-pack.com\/pl\/author\/agsanchez\/"},"uagb_comment_info":0,"uagb_excerpt":"Dzi\u0119kujemy za pozostawienie nam informacji, wkr\u00f3tce skontaktujemy si\u0119 z Tob\u0105.","_links":{"self":[{"href":"https:\/\/www.spg-pack.com\/pl\/wp-json\/wp\/v2\/pages\/19047","targetHints":{"allow":["GET"]}}],"collection":[{"href":"https:\/\/www.spg-pack.com\/pl\/wp-json\/wp\/v2\/pages"}],"about":[{"href":"https:\/\/www.spg-pack.com\/pl\/wp-json\/wp\/v2\/types\/page"}],"author":[{"embeddable":true,"href":"https:\/\/www.spg-pack.com\/pl\/wp-json\/wp\/v2\/users\/10"}],"replies":[{"embeddable":true,"href":"https:\/\/www.spg-pack.com\/pl\/wp-json\/wp\/v2\/comments?post=19047"}],"version-history":[{"count":1,"href":"https:\/\/www.spg-pack.com\/pl\/wp-json\/wp\/v2\/pages\/19047\/revisions"}],"predecessor-version":[{"id":19048,"href":"https:\/\/www.spg-pack.com\/pl\/wp-json\/wp\/v2\/pages\/19047\/revisions\/19048"}],"wp:attachment":[{"href":"https:\/\/www.spg-pack.com\/pl\/wp-json\/wp\/v2\/media?parent=19047"}],"curies":[{"name":"wp","href":"https:\/\/api.w.org\/{rel}","templated":true}]}}