{"id":10490,"date":"2022-03-15T08:29:57","date_gmt":"2022-03-15T08:29:57","guid":{"rendered":"https:\/\/www.spg-pack.com\/politica-de-privacidad\/"},"modified":"2023-04-26T09:38:59","modified_gmt":"2023-04-26T09:38:59","slug":"polityka-prywatnosci","status":"publish","type":"page","link":"https:\/\/www.spg-pack.com\/pl\/polityka-prywatnosci\/","title":{"rendered":"Polityka prywatno\u015bci"},"content":{"rendered":"<p><strong>POLITYKA PRYWATNO\u015aCI<\/strong><\/p>\n<p>PLASTIENVASE SL udost\u0119pnia Pa\u0144stwu niniejsz\u0105 polityk\u0119 prywatno\u015bci za po\u015brednictwem strony internetowej <a href=\"https:\/\/www.spg-pack.com\/pl\/\">www.spg-pack.com<\/a>, aby szczeg\u00f3\u0142owo poinformowa\u0107 Pa\u0144stwa o tym, w jaki spos\u00f3b przetwarzamy Pa\u0144stwa dane osobowe i chronimy Pa\u0144stwa prywatno\u015b\u0107 oraz informacje, kt\u00f3re nam Pa\u0144stwo przekazuj\u0105. W przypadku jakichkolwiek przysz\u0142ych zmian w ramach tej polityki, powiadomimy Pa\u0144stwa za po\u015brednictwem strony internetowej lub w inny spos\u00f3b, aby mogli Pa\u0144stwo zapozna\u0107 si\u0119 z nowo wprowadzonymi zasadami prywatno\u015bci.<\/p>\n<p>Zgodnie z Og\u00f3lnym Rozporz\u0105dzeniem o Ochronie Danych (UE) 2016\/679 oraz ustaw\u0105 organiczn\u0105 3\/2018 o ochronie danych osobowych i zagwarantowaniu praw cyfrowych z dnia 5 grudnia, przekazujemy nast\u0119puj\u0105ce informacje:<\/p>\n<p>&nbsp;<\/p>\n<p><strong>Administrator danych<\/strong><\/p>\n<p>Administrator: PLASTIENVASE SL<\/p>\n<p>NIP: B14853485<\/p>\n<p>Siedziba: Carretera de Palma del R\u00edo, km 10 &#8211; 14710 Villarrubia, C\u00f3rdoba<\/p>\n<p>Telefon: 957767612<\/p>\n<p>E-mail: info@spg-pack.com<\/p>\n<p>Strona internetowa: www.spg-pack.com<\/p>\n<p>&nbsp;<\/p>\n<p><strong>Do jakich cel\u00f3w przetwarzamy Pa\u0144stwa dane osobowe?<\/strong><\/p>\n<p>Zbieramy i przetwarzamy Pa\u0144stwa dane osobowe zasadniczo w celu zarz\u0105dzania naszymi relacjami z Pa\u0144stwem, przy czym g\u0142\u00f3wne cele, kt\u00f3re zidentyfikowali\u015bmy s\u0105 nast\u0119puj\u0105ce:<\/p>\n<ul>\n<li>Zarz\u0105dzanie produktami oraz kontraktowanie produkt\u00f3w i us\u0142ug oferowanych przez nasz\u0105 firm\u0119.<\/li>\n<li>Kanalizowanie pr\u00f3\u015bb o informacje, sugestii i skarg, kt\u00f3re mog\u0105 Pa\u0144stwo do nas kierowa\u0107.<\/li>\n<li>Informowanie o wydarzeniach, ofertach, produktach i us\u0142ugach, kt\u00f3re mog\u0105 by\u0107 dla Pa\u0144stwa interesuj\u0105ce, za po\u015brednictwem r\u00f3\u017cnych kana\u0142\u00f3w komunikacji i pod warunkiem, \u017ce wyrazili Pa\u0144stwo na to zgod\u0119.<\/li>\n<li>Zarz\u0105dzanie relacjami zawodowymi, w przypadku naszych pracownik\u00f3w.<\/li>\n<li>Zarz\u0105dzanie relacjami handlowymi z naszymi dostawcami.<\/li>\n<li>Zarz\u0105dzanie doborem personelu.<\/li>\n<li>Zagwarantowanie bezpiecze\u0144stwa os\u00f3b i obiekt\u00f3w.<\/li>\n<\/ul>\n<p>&nbsp;<\/p>\n<p><strong>W jaki spos\u00f3b zbieramy Pa\u0144stwa dane?<\/strong><\/p>\n<p>Gromadzimy Pa\u0144stwa dane osobowe na r\u00f3\u017cne sposoby, ale zawsze w momencie ich pozyskania zostan\u0105 Pa\u0144stwo o tym poinformowani za pomoc\u0105 klauzul informacyjnych, kt\u00f3re zawieraj\u0105 informacje na temat administratora danych, celu i podstawy prawnej, odbiorc\u00f3w danych oraz okresu przechowywania Pa\u0144stwa danych, a tak\u017ce m\u00f3wi\u0105cych o tym, w jaki spos\u00f3b mog\u0105 Pa\u0144stwo skorzysta\u0107 ze swoich praw w zakresie ochrony danych.<\/p>\n<p>Przetwarzane przez nas dane osobowe na og\u00f3\u0142 ograniczaj\u0105 si\u0119 do danych identyfikacyjnych (imi\u0119 i nazwisko, data urodzenia, adres, numer dowodu osobistego, numer telefonu i adres e-mail), \u015bwiadczonych us\u0142ug oraz danych dotycz\u0105cych p\u0142atno\u015bci i fakturowania.<\/p>\n<p>Dane naszych potencjalnych klient\u00f3w\/u\u017cytkownik\u00f3w obejmuj\u0105ce dane identyfikacyjne (imi\u0119, nazwisko, NIP, adres do korespondencji, telefon, e-mail), dane zawodowe (stanowisko, miejsce pracy, sektor dzia\u0142alno\u015bci) pozyskujemy bezpo\u015brednio od nich, gdy zwracaj\u0105 si\u0119 do nas w celu uzyskania informacji lub sk\u0142adaj\u0105 zapytania ofertowe za po\u015brednictwem udost\u0119pnionych kana\u0142\u00f3w.<\/p>\n<p>W przypadku selekcji i zarz\u0105dzania personelem, zbieramy dane akademickie i zawodowe w celu wype\u0142nienia zobowi\u0105za\u0144 wynikaj\u0105cych z utrzymania stosunku pracy lub, w przypadku nowych kandydat\u00f3w, aby mogli oni sta\u0107 si\u0119 cz\u0119\u015bci\u0105 naszego zespo\u0142u.<\/p>\n<p>Korzystamy z medi\u00f3w spo\u0142eczno\u015bciowych i jest to kolejny spos\u00f3b, w jaki do Pa\u0144stwa docieramy. Informacje zebrane poprzez wiadomo\u015bci i komunikaty, kt\u00f3re Pa\u0144stwo zamieszczaj\u0105, mog\u0105 zawiera\u0107 dane osobowe, kt\u00f3re s\u0105 widoczne online i dost\u0119pne publicznie. Te serwisy spo\u0142eczno\u015bciowe posiadaj\u0105 w\u0142asne polityki prywatno\u015bci okre\u015blaj\u0105ce, w jaki spos\u00f3b wykorzystuj\u0105 i udost\u0119pniaj\u0105 Pa\u0144stwa dane, dlatego zach\u0119camy Pa\u0144stwa do zapoznania si\u0119 z tymi politykami przed skorzystaniem z ich us\u0142ug, aby upewni\u0107 si\u0119, \u017ce zgadzaj\u0105 si\u0119 Pa\u0144stwo z tym, w jaki spos\u00f3b Pa\u0144stwa informacje s\u0105 gromadzone, przetwarzane i udost\u0119pniane.<\/p>\n<p>Za po\u015brednictwem naszej strony internetowej zbieramy dane osobowe zwi\u0105zane z przegl\u0105daniem stron internetowych poprzez wykorzystanie plik\u00f3w cookies. Aby dowiedzie\u0107 si\u0119 w spos\u00f3b jasny i precyzyjny, jakich plik\u00f3w cookies u\u017cywamy, jakie s\u0105 ich cele oraz jak mog\u0105 je Pa\u0144stwo skonfigurowa\u0107 lub wy\u0142\u0105czy\u0107, prosimy o zapoznanie si\u0119 z nasz\u0105 <u>Polityk\u0105 cookies<\/u>.<\/p>\n<p>Ponadto nasze obiekty posiadaj\u0105 system nadzoru wideo, kt\u00f3rego funkcj\u0105 jest zagwarantowanie bezpiecze\u0144stwa os\u00f3b i towar\u00f3w, w zwi\u0105zku z czym Pa\u0144stwa wizerunek mo\u017ce zosta\u0107 zarejestrowany po prostu poprzez dost\u0119p do nich. Te obrazy s\u0105 przechowywane przez okres nie d\u0142u\u017cszy ni\u017c 1 miesi\u0105c od ich pozyskania i tylko w razie potrzeby b\u0119d\u0105 przekazywane pa\u0144stwowym organom sprawiedliwo\u015bci oraz egzekwowania prawa.<\/p>\n<p>&nbsp;<\/p>\n<p><strong>Odpowiedzialno\u015b\u0107 u\u017cytkownik\u00f3w<\/strong><\/p>\n<p>Przekazuj\u0105c nam swoje dane drog\u0105 elektroniczn\u0105, u\u017cytkownik gwarantuje, \u017ce ma uko\u0144czone 14 lat i \u017ce przekazane dane s\u0105 prawdziwe, dok\u0142adne, kompletne i aktualne. W zwi\u0105zku z tym u\u017cytkownik potwierdza, \u017ce jest odpowiedzialny za prawdziwo\u015b\u0107 przekazanych danych i \u017ce b\u0119dzie je odpowiednio aktualizowa\u0142, aby odpowiada\u0142y one jego rzeczywistej sytuacji, bior\u0105c odpowiedzialno\u015b\u0107 za wszelkie fa\u0142szywe lub niedok\u0142adne dane, kt\u00f3re mog\u0105 zosta\u0107 przez niego przekazane, jak r\u00f3wnie\u017c za wszelkie szkody, bezpo\u015brednie lub po\u015brednie, kt\u00f3re mog\u0105 w ten spos\u00f3b powsta\u0107.<\/p>\n<p><strong>\u00a0<\/strong><\/p>\n<p><strong>Jak d\u0142ugo przechowujemy Pa\u0144stwa dane?<\/strong><\/p>\n<p>Przechowujemy Pa\u0144stwa dane jedynie przez okres niezb\u0119dny do realizacji celu, dla kt\u00f3rego zosta\u0142y zebrane, do wype\u0142nienia na\u0142o\u017conych na nas obowi\u0105zk\u00f3w prawnych oraz do wywi\u0105zania si\u0119 z ewentualnych zobowi\u0105za\u0144, kt\u00f3re mog\u0105 powsta\u0107 w zwi\u0105zku z realizacj\u0105 celu, dla kt\u00f3rego dane zosta\u0142y zebrane.<\/p>\n<p>W przypadku, gdy pragn\u0105 Pa\u0144stwo do\u0142\u0105czy\u0107 do naszego zespo\u0142u i ubiega\u0107 si\u0119 o jedno z naszych stanowisk, przekazane dane stan\u0105 si\u0119 cz\u0119\u015bci\u0105 naszej gie\u0142dy pracy i b\u0119d\u0105 przechowywane przez czas trwania procesu selekcji i maksymalnie przez dwa lata lub do momentu skorzystania z prawa do usuni\u0119cia danych.<\/p>\n<p>Je\u015bli w jakimkolwiek momencie zebrali\u015bmy Pa\u0144stwa dane w celu skontaktowania si\u0119 z Pa\u0144stwem jako z potencjalnymi u\u017cytkownikami naszych us\u0142ug lub w celu udzielenia odpowiedzi na pro\u015bb\u0119 o informacje od Pa\u0144stwa, dane te b\u0119d\u0105 przechowywane przez okres maksymalnie dw\u00f3ch lat od daty ich zebrania, a po tym okresie zostan\u0105 usuni\u0119te, je\u015bli nie dosz\u0142o do nawi\u0105zania stosunku umownego lub na Pa\u0144stwa pro\u015bb\u0119.<\/p>\n<p>W ka\u017cdym przypadku b\u0119dziemy przechowywa\u0107 Pa\u0144stwa dane osobowe tak d\u0142ugo, jak d\u0142ugo b\u0119dzie istnia\u0142 wi\u0105\u017c\u0105cy nas stosunek umowny lub dop\u00f3ki nie skorzystaj\u0105 Pa\u0144stwo z prawa do usuni\u0119cia i\/lub ograniczenia przetwarzania danych, w kt\u00f3rym to przypadku informacje zostan\u0105 zablokowane i ograniczymy si\u0119 do ich przechowywania bez mo\u017cliwo\u015bci ich wykorzystania, natomiast mog\u0105 by\u0107 one niezb\u0119dne do realizacji lub obrony roszcze\u0144 i w przypadku konieczno\u015bci poniesienia wszelkiego rodzaju odpowiedzialno\u015bci, kt\u00f3ra mo\u017ce zaistnie\u0107.<\/p>\n<p>&nbsp;<\/p>\n<p><strong>Komu udost\u0119pniamy Pa\u0144stwa dane?<\/strong><\/p>\n<p>Na og\u00f3\u0142 nie udost\u0119pniamy Pa\u0144stwa danych osobowych, z wyj\u0105tkiem sytuacji, w kt\u00f3rych jeste\u015bmy do tego zobowi\u0105zani przez prawo.<\/p>\n<p>Chocia\u017c nie chodzi tu o przekazywanie danych, w celu zapewnienia realizacji zleconej przez Pa\u0144stwa us\u0142ugi, firmy zewn\u0119trzne, dzia\u0142aj\u0105ce jako nasi dostawcy, mog\u0105 uzyska\u0107 dost\u0119p do Pa\u0144stwa danych w celu wykonania us\u0142ugi, kt\u00f3r\u0105 im zlecili\u015bmy. Wspomniane strony trzecie uzyskuj\u0105 dost\u0119p do Pa\u0144stwa danych zgodnie z naszymi instrukcjami, bez mo\u017cliwo\u015bci wykorzystania ich w innym celu i z zachowaniem \u015bcis\u0142ej poufno\u015bci.<\/p>\n<p>W przypadku, gdy stanie si\u0119 to konieczne w wyniku zdarzenia zarejestrowanego przez nasze kamery bezpiecze\u0144stwa, nagrania mog\u0105 zosta\u0107 przekazane pa\u0144stwowym organom sprawiedliwo\u015bci oraz egzekwowania prawa, zgodnie z przepisami ustawy.<\/p>\n<p>W podobny spos\u00f3b Pa\u0144stwa dane osobowe b\u0119d\u0105 do dyspozycji Administracji Publicznej, S\u0119dzi\u00f3w i S\u0105d\u00f3w w celu rozpatrywania ewentualnej odpowiedzialno\u015bci wynikaj\u0105cej z przetwarzania danych.<\/p>\n<p><strong>\u00a0<\/strong><\/p>\n<p><strong>Mi\u0119dzynarodowe przekazywanie danych<\/strong><\/p>\n<p>Nie dochodzi do mi\u0119dzynarodowego przekazywania Pa\u0144stwa danych do kraj\u00f3w spoza Europejskiego Obszaru Gospodarczego (EOG).<\/p>\n<p>Uzgodnili\u015bmy z naszymi dostawcami, \u017ce w celu \u015bwiadczenia zleconych us\u0142ug b\u0119d\u0105 oni korzysta\u0107 z serwer\u00f3w znajduj\u0105cych si\u0119 na terenie EOG, a je\u015bli w przysz\u0142o\u015bci b\u0119dziemy zmuszeni do korzystania z serwer\u00f3w znajduj\u0105cych si\u0119 poza terytorium UE, zostan\u0105 podj\u0119te odpowiednie \u015brodki, kt\u00f3re zostan\u0105 uwzgl\u0119dnione w niniejszej Polityce Prywatno\u015bci w celu zapewnienia, \u017ce tacy dostawcy s\u0105 obj\u0119ci porozumieniem Privacy Shield lub \u017ce istniej\u0105 inne odpowiednie zabezpieczenia.<\/p>\n<p>&nbsp;<\/p>\n<p><strong>Jakie prawa przys\u0142uguj\u0105 Pa\u0144stwu w zwi\u0105zku z przetwarzaniem danych i w jaki spos\u00f3b mog\u0105 Pa\u0144stwo z nich skorzysta\u0107?<\/strong><\/p>\n<p>Przepisy dotycz\u0105ce ochrony danych osobowych umo\u017cliwiaj\u0105 Pa\u0144stwu skorzystanie z prawa do dost\u0119pu do danych, ich sprostowania, usuni\u0119cia i przenoszenia oraz wniesienia sprzeciwu i ograniczenia przetwarzania danych, a tak\u017ce, w okre\u015blonych przypadkach, do niepodlegania decyzjom opartym wy\u0142\u0105cznie na zautomatyzowanym przetwarzaniu Pa\u0144stwa danych.<\/p>\n<p>Prawa te mo\u017cna scharakteryzowa\u0107 nast\u0119puj\u0105co:<\/p>\n<ul>\n<li>Korzystanie z tych praw jest bezp\u0142atne, z wyj\u0105tkiem przypadk\u00f3w wyra\u017anie nieuzasadnionych lub przesadnych \u017c\u0105da\u0144 (np. o powtarzalnym charakterze), w kt\u00f3rych to przypadkach mo\u017cemy pobra\u0107 op\u0142at\u0119 proporcjonaln\u0105 do poniesionych koszt\u00f3w administracyjnych lub odm\u00f3wi\u0107 podj\u0119cia dzia\u0142a\u0144.<\/li>\n<li>Korzystanie ze tych praw jest mo\u017cliwe w spos\u00f3b bezpo\u015bredni lub za po\u015brednictwem przedstawiciela prawnego lub wolontariusza.<\/li>\n<li>Naszym obowi\u0105zkiem jest udzielenie odpowiedzi na Pa\u0144stwa wniosek w ci\u0105gu jednego miesi\u0105ca, cho\u0107 bior\u0105c pod uwag\u0119 z\u0142o\u017cono\u015b\u0107 i liczb\u0119 wniosk\u00f3w, termin ten mo\u017ce zosta\u0107 przed\u0142u\u017cony o kolejne dwa miesi\u0105ce.<\/li>\n<li>Jeste\u015bmy zobowi\u0105zani do poinformowania Pa\u0144stwa o sposobach egzekwowania tych praw, kt\u00f3re musz\u0105 by\u0107 \u0142atwo dost\u0119pne, przy czym nie mamy mo\u017cliwo\u015bci odm\u00f3wienia Pa\u0144stwu wykonania danego prawa tylko z tego powodu, \u017ce wybrali Pa\u0144stwo inny spos\u00f3b. Je\u017celi \u017c\u0105danie zostanie z\u0142o\u017cone drog\u0105 elektroniczn\u0105, informacje zostan\u0105 przekazane drog\u0105 elektroniczn\u0105, o ile b\u0119dzie to mo\u017cliwe, chyba \u017ce zwr\u00f3c\u0105 si\u0119 Pa\u0144stwo do nas z pro\u015bb\u0105 o inne rozwi\u0105zanie.<\/li>\n<li>Je\u017celi nie podejmiemy dzia\u0142a\u0144 w zwi\u0105zku ze z\u0142o\u017conym wnioskiem, poinformujemy Pa\u0144stwa, najp\u00f3\u017aniej w ci\u0105gu jednego miesi\u0105ca, o przyczynach niepodj\u0119cia przez nas dzia\u0142a\u0144 oraz o mo\u017cliwo\u015bci z\u0142o\u017cenia skargi do organu nadzorczego.<\/li>\n<\/ul>\n<p>&nbsp;<\/p>\n<p>W celu u\u0142atwienia korzystania z wspomnianych praw podajemy linki do formularzy zg\u0142oszeniowych dla ka\u017cdego z nich:<\/p>\n<p><a href=\"https:\/\/www.aepd.es\/media\/formularios\/formulario-derecho-de-acceso.pdf\" target=\"_blank\" rel=\"noopener\">Wniosek do wykonania prawa do dost\u0119pu<\/a><\/p>\n<p><a href=\"https:\/\/www.aepd.es\/media\/formularios\/formulario-derecho-de-rectificacion.pdf\" target=\"_blank\" rel=\"noopener\">Wniosek do wykonania prawa do sprostowania<\/a><\/p>\n<p><a href=\"https:\/\/www.aepd.es\/media\/formularios\/formulario-derecho-de-oposicion.pdf\" target=\"_blank\" rel=\"noopener\">Wniosek do wykonania prawa do sprzeciwu<\/a><\/p>\n<p><a href=\"https:\/\/www.aepd.es\/media\/formularios\/formulario-derecho-de-supresion.pdf\" target=\"_blank\" rel=\"noopener\">Wniosek do wykonania prawa do usuni\u0119cia danych (prawo do \u201ebycia zapomnianym\u201d)<\/a><\/p>\n<p><a href=\"https:\/\/www.aepd.es\/media\/formularios\/formulario-derecho-de-limitacion.pdf\" target=\"_blank\" rel=\"noopener\">Wniosek do wykonania prawa do ograniczenia przetwarzania danych<\/a><\/p>\n<p><a href=\"https:\/\/www.aepd.es\/media\/formularios\/formulario-derecho-de-portabilidad.pdf\" target=\"_blank\" rel=\"noopener\">Wniosek do wykonania prawa do przenoszenia danych<\/a><\/p>\n<p><a href=\"https:\/\/www.aepd.es\/media\/formularios\/formulario-derecho-de-oposicion-decisiones-automatizadas.pdf\" target=\"_blank\" rel=\"noopener\">Wniosek do wykonania prawa do sprzeciwu wobec zautomatyzowanych decyzji indywidualnych <\/a><\/p>\n<p>&nbsp;<\/p>\n<p>Proponujemy Pa\u0144stwu nast\u0119puj\u0105ce sposoby umo\u017cliwiaj\u0105ce skorzystanie ze swoich praw:<\/p>\n<ol>\n<li>Za pomoc\u0105 pisemnego i podpisanego wniosku skierowanego do firmy, Ref. Wykonanie praw LOPD.<\/li>\n<li>Poprzez wys\u0142anie zeskanowanego i podpisanego formularza na adres e-mail podany powy\u017cej, wpisuj\u0105c w temacie wiadomo\u015bci Wykonanie praw LOPD.<\/li>\n<\/ol>\n<p>W obu przypadkach konieczne jest potwierdzenie to\u017csamo\u015bci poprzez za\u0142\u0105czenie kopii lub, w przypadkach wniosk\u00f3w sk\u0142adanych drog\u0105 elektroniczn\u0105, zeskanowanej kopii dowodu osobistego lub r\u00f3wnorz\u0119dnego dokumentu w celu zagwarantowania, \u017ce udzielamy odpowiedzi wy\u0142\u0105cznie zainteresowanej stronie lub jej przedstawicielowi prawnemu, w kt\u00f3rym to przypadku nale\u017cy przedstawi\u0107 dokument upowa\u017cniaj\u0105cy do reprezentowania strony.<\/p>\n<p>Ponadto, zw\u0142aszcza w przypadku, gdy uznaj\u0105 Pa\u0144stwo, \u017ce nie uda\u0142o si\u0119 uzyska\u0107 pe\u0142nej satysfakcji w ramach korzystania z przys\u0142uguj\u0105cych Pa\u0144stwu praw, informujemy, \u017ce mog\u0105 Pa\u0144stwo z\u0142o\u017cy\u0107 skarg\u0119 do krajowego organu nadzorczego, kontaktuj\u0105c si\u0119 z Hiszpa\u0144sk\u0105 Agencj\u0105 Ochrony Danych, C\/ Jorge Juan, 6 &#8211; 28001 Madrid.<\/p>\n<p>&nbsp;<\/p>\n<p><strong>W jaki spos\u00f3b chronimy Pa\u0144stwa dane?<\/strong><\/p>\n<p>Zobowi\u0105zujemy si\u0119 do ochrony Pa\u0144stwa danych osobowych.<\/p>\n<p>Stosujemy w rozs\u0105dnym stopniu niezawodne i skuteczne \u015brodki, kontrole i procedury o charakterze fizycznym, organizacyjnym i technologicznym w celu zachowania integralno\u015bci i bezpiecze\u0144stwa Pa\u0144stwa danych oraz zagwarantowania Pa\u0144stwa prywatno\u015bci.<\/p>\n<p>Ponadto wszyscy pracownicy maj\u0105cy dost\u0119p do danych osobowych zostali przeszkoleni i s\u0105 \u015bwiadomi swoich obowi\u0105zk\u00f3w zwi\u0105zanych z przetwarzaniem danych osobowych.<\/p>\n<p>W przypadku um\u00f3w, kt\u00f3re podpisujemy z naszymi dostawcami, zamieszczamy klauzule zobowi\u0105zuj\u0105ce ich do przestrzegania obowi\u0105zku zachowania tajemnicy w zakresie danych osobowych, do kt\u00f3rych mieli dost\u0119p z tytu\u0142u powierzonych us\u0142ug, a tak\u017ce do wdro\u017cenia niezb\u0119dnych technicznych i organizacyjnych \u015brodk\u00f3w bezpiecze\u0144stwa w celu zagwarantowania trwa\u0142ej poufno\u015bci, integralno\u015bci, dost\u0119pno\u015bci i odporno\u015bci system\u00f3w i us\u0142ug s\u0142u\u017c\u0105cych do przetwarzania danych osobowych.<\/p>\n<p>Wszystkie te \u015brodki bezpiecze\u0144stwa s\u0105 okresowo weryfikowane w celu zapewnienia ich adekwatno\u015bci i skuteczno\u015bci.<\/p>\n<p>Nie mo\u017cna jednak zagwarantowa\u0107 ca\u0142kowitego bezpiecze\u0144stwa i nie ma system\u00f3w zabezpiecze\u0144 niemo\u017cliwych do sforsowania, dlatego w przypadku, gdy jakiekolwiek informacje znajduj\u0105ce si\u0119 pod nasz\u0105 kontrol\u0105 i podlegaj\u0105ce przetwarzaniu zostan\u0105 nara\u017cone w wyniku naruszenia zasad bezpiecze\u0144stwa, podejmiemy odpowiednie kroki w celu zbadania incydentu, powiadomienia organu nadzorczego i, w stosownych przypadkach, tych u\u017cytkownik\u00f3w, kt\u00f3rych mog\u0142o to dotyczy\u0107, aby mogli oni podj\u0105\u0107 odpowiednie dzia\u0142ania.<\/p>\n","protected":false},"excerpt":{"rendered":"<p>POLITYKA PRYWATNO\u015aCI PLASTIENVASE SL udost\u0119pnia Pa\u0144stwu niniejsz\u0105 polityk\u0119 prywatno\u015bci za po\u015brednictwem strony internetowej www.spg-pack.com, aby szczeg\u00f3\u0142owo poinformowa\u0107 Pa\u0144stwa o tym, [&hellip;]<\/p>\n","protected":false},"author":10,"featured_media":0,"parent":0,"menu_order":0,"comment_status":"closed","ping_status":"closed","template":"","meta":{"_acf_changed":false,"_uag_custom_page_level_css":"","footnotes":""},"class_list":["post-10490","page","type-page","status-publish","hentry"],"acf":[],"uagb_featured_image_src":{"full":false,"thumbnail":false,"medium":false,"medium_large":false,"large":false,"1536x1536":false,"2048x2048":false,"destacado-size":false,"cuadrado-size":false},"uagb_author_info":{"display_name":"AGSanchez","author_link":"https:\/\/www.spg-pack.com\/pl\/author\/agsanchez\/"},"uagb_comment_info":0,"uagb_excerpt":"POLITYKA PRYWATNO\u015aCI PLASTIENVASE SL udost\u0119pnia Pa\u0144stwu niniejsz\u0105 polityk\u0119 prywatno\u015bci za po\u015brednictwem strony internetowej www.spg-pack.com, aby szczeg\u00f3\u0142owo poinformowa\u0107 Pa\u0144stwa o tym, [&hellip;]","_links":{"self":[{"href":"https:\/\/www.spg-pack.com\/pl\/wp-json\/wp\/v2\/pages\/10490","targetHints":{"allow":["GET"]}}],"collection":[{"href":"https:\/\/www.spg-pack.com\/pl\/wp-json\/wp\/v2\/pages"}],"about":[{"href":"https:\/\/www.spg-pack.com\/pl\/wp-json\/wp\/v2\/types\/page"}],"author":[{"embeddable":true,"href":"https:\/\/www.spg-pack.com\/pl\/wp-json\/wp\/v2\/users\/10"}],"replies":[{"embeddable":true,"href":"https:\/\/www.spg-pack.com\/pl\/wp-json\/wp\/v2\/comments?post=10490"}],"version-history":[{"count":5,"href":"https:\/\/www.spg-pack.com\/pl\/wp-json\/wp\/v2\/pages\/10490\/revisions"}],"predecessor-version":[{"id":21066,"href":"https:\/\/www.spg-pack.com\/pl\/wp-json\/wp\/v2\/pages\/10490\/revisions\/21066"}],"wp:attachment":[{"href":"https:\/\/www.spg-pack.com\/pl\/wp-json\/wp\/v2\/media?parent=10490"}],"curies":[{"name":"wp","href":"https:\/\/api.w.org\/{rel}","templated":true}]}}