{"id":3919,"date":"2022-03-15T08:25:36","date_gmt":"2022-03-15T08:25:36","guid":{"rendered":"https:\/\/www.spg-pack.com\/politica-de-cookies\/"},"modified":"2023-04-26T10:13:36","modified_gmt":"2023-04-26T10:13:36","slug":"cookies-policy","status":"publish","type":"page","link":"https:\/\/www.spg-pack.com\/en\/cookies-policy\/","title":{"rendered":"Cookies policy"},"content":{"rendered":"<p><script id=\"CookieDeclaration\" src=\"https:\/\/consent.cookiebot.com\/d5818e1c-8374-4a41-9298-8d133a562ace\/cd.js\" type=\"text\/javascript\" async><span data-mce-type=\"bookmark\" style=\"display: inline-block; width: 0px; overflow: hidden; line-height: 0;\" class=\"mce_SELRES_start\">\ufeff<\/span><span data-mce-type=\"bookmark\" style=\"display: inline-block; width: 0px; overflow: hidden; line-height: 0;\" class=\"mce_SELRES_start\">\ufeff<\/span><\/script><\/p>\n<div style=\"display: none;\"><strong>Was ist ein Cookie? <\/strong>Cookies sind Dateien, die eine kleine Menge an Informationen enthalten und beim Besuch eines Benutzers auf einer Website heruntergeladen werden. Sie dienen in erster Linie dazu, den Benutzer bei jedem Besuch der Website wiederzuerkennen, und helfen au\u00dferdem, die Qualit\u00e4t und das Nutzungserlebnis der Website zu verbessern.<br \/>\nCookies sind f\u00fcr das Funktionieren des Internets unerl\u00e4sslich. Sie k\u00f6nnen dem Endger\u00e4t des Benutzers keinen Schaden zuf\u00fcgen und helfen bei der Identifikation und Behebung m\u00f6glicher Fehler in Verbindung mit der Website, sofern sie in der Konfiguration Ihres Browsers aktiviert sind.<br \/>\nArten, Zweck und Funktionsweise von Cookies<br \/>\nAbh\u00e4ngig vom Zweck, zu dem die \u00fcber die Cookies erhaltenen Daten verarbeitet werden, k\u00f6nnen folgende Cookies unterschieden werden:<\/p>\n<ul>\n<li><u>Technische Cookies: <\/u><\/li>\n<\/ul>\n<p>Diese Cookies erm\u00f6glichen dem Benutzer die Navigation auf der Website oder in der Anwendung sowie die Verwendung der verschiedenen darin enthaltenen Optionen oder Dienste. Beispiele daf\u00fcr sind die Kontrolle des Traffics und der Datenkommunikation, die Identifizierung der Sitzung, der Zugriff auf Bereiche der Website mit Zugriffsbeschr\u00e4nkung, die Aufzeichnung der Elemente einer Bestellung, das Einschreiben f\u00fcr einen Event oder die Teilnahme an einem Event, die Verwendung von Sicherheitselementen w\u00e4hrend der Navigation und die Speicherung von Inhalten zur Verbreitung von Videos oder Audioaufnahmen.<\/p>\n<ul>\n<li><u>Cookies zur kundenspezifischen Anpassung <\/u><\/li>\n<\/ul>\n<p>Diese Cookie gestatten dem Benutzer den Zugriff auf die Dienste mit bestimmten allgemeinen Merkmalen, die in seinem Endger\u00e4t vordefiniert sind oder vom Benutzer selbst definiert wurden. Beispiele daf\u00fcr sind die Sprache, der Browsertyp, \u00fcber den der Zugriff auf den Dienst erfolgt, das Design der ausgew\u00e4hlten Inhalte, Geo-Lokalisierung des Endger\u00e4ts und die regionale Konfiguration in Abh\u00e4ngigkeit von der Region, von der aus der Zugriff auf den Dienst erfolgt.<\/p>\n<ul>\n<li><u>Cookies zu Werbezwecken<\/u><\/li>\n<\/ul>\n<p>Diese Cookies erm\u00f6glichen das effiziente Management von Werbefl\u00e4chen, die auf der Website oder in der Anwendung, von der aus der Dienst bereitgestellt wird, zu finden sind. Sie gestatten die Anpassung des Inhalts der Werbung, damit diese f\u00fcr den Benutzer relevant ist und Anzeigen vermieden werden, die der Benutzer bereits gesehen hat.<\/p>\n<ul>\n<li><u>Cookies zur statistischen Analyse <\/u><\/li>\n<\/ul>\n<p>Diese Cookies erlauben die Nachverfolgung und Analyse des Benutzerverhaltens auf den Websites. Die mithilfe dieser \u201eCookies\u201c erfassten Informationen werden zur Messung der Aktivit\u00e4t in Verbindung mit den Websites, Anwendungen oder Plattformen und zur Erstellung von Navigationsprofilen ihrer Benutzer verwendet, um die Dienste in Abh\u00e4ngigkeit von den Daten, die \u00fcber die Benutzung seitens der Benutzer gesammelt werden, zu verbessern.<\/p>\n<ul>\n<li><u>Cookies Dritter<\/u><\/li>\n<\/ul>\n<p>Einige Websites installieren Cookies Dritter, die die Verwaltung und Verbesserung der angebotenen Dienste erm\u00f6glichen.<\/p>\n<p><strong>Verwendung von Cookies seitens SP GROUP <\/strong><\/p>\n<p>Diese Cookie-Richtlinie ist ein Teil der rechtlichen Hinweise und der Datenschutzrichtlinien von www.spg-group.com (nachfolgend die \u201eWebsite\u201c). Der Zugriff auf und die Navigation durch die Website sowie die Benutzung ihrer Dienste sind gleichbedeutend mit einer Zustimmung zu den Bestimmungen und Bedingungen des rechtlichen Hinweises und der Datenschutzrichtlinie.<\/p>\n<p>Plastienvase, S.L. mit Firmensitz in Ctra. De Palma del R\u00edo, Km. 10 Villarrubia, C\u00f3rdoba (14710) informiert Sie, dass Cookies und andere Dateien mit \u00e4hnlicher Funktionsweise (nachfolgend die \u201eCookies\u201c) verwendet werden, um Ihre Navigation durch die Website zu erleichtern.<\/p>\n<p>Wir informieren Sie dar\u00fcber, dass SPGROUP die Verantwortung f\u00fcr die Cookies und die mithilfe der eigenen Cookies und Cookies Dritter gewonnenen Daten tr\u00e4gt und die Entscheidung \u00fcber den Zweck, den Inhalt und die Verwendung der erhaltenen Informationen trifft.<\/p>\n<p>Durch Ihren Zugriff auf die Website stimmen Sie der Verwendung dieser Art von Cookies in Ihren Endger\u00e4ten ausdr\u00fccklich zu. Wenn Sie die Cookies deaktivieren, ist Ihre Navigation durch die Website m\u00f6glicherweise nicht optimal.<\/p>\n<p>SPGROUP verwendet Cookies f\u00fcr die nachfolgend dargelegten Zwecke. Sollte das Unternehmen entscheiden, k\u00fcnftig andere Cookies zur Bereitstellung weiterer und besserer Dienste zu verwenden, wird dies bekanntgegeben.<\/p>\n<p><strong>EIGENE COOKIES <\/strong><br \/>\nDies sind Cookies, die wir von unserer Website an Ihren Computer oder Ihr Endger\u00e4t senden, um die korrekte Funktionsweise der Elemente sicherzustellen, aus denen sich unsere Website zusammensetzt, um Bed\u00fcrfnisse zu erkennen und die Verbesserungen der angebotenen Dienste zu bewerten.<\/p>\n<p><strong>Eigene Cookies f\u00fcr technische Elemente.<\/strong><\/p>\n<p><strong><br \/>\nCOOKIES DRITTER<\/strong><br \/>\n<strong>\u00a0<\/strong><\/p>\n<p>Dies sind Cookies, deren Versand an Ihren Computer oder Ihr Endger\u00e4t von einer Domain oder einer Website aus erfolgt, die nicht von uns verwaltet wird, sondern von einer Drittpartei, welche die mit den Cookies erlangten Daten verarbeitet. Jedes dieser Cookies wird zur Analyse der aktuellen Elemente und k\u00fcnftigen Verbesserungen verwendet.<\/p>\n<p><strong>Analyse-Cookies von Google, Inc<\/strong><br \/>\nWir verwenden auf der Website den Dienst Google Analytics von Google, Inc. mit Hauptsitz in 1600 Amphitheatre Parkway, Mountain View (Kalifornien), CA, 94043, USA (\u201eGoogle\u201c).<\/p>\n<p>Google Analytics verwendet Cookies, um zu analysieren, wie die Benutzer die Website benutzen. Die mithilfe des Cookies generierten Informationen werden direkt an Google \u00fcbertragen und in den Servern dieses Unternehmens in den USA gespeichert. Google wird diese Informationen im Namen von SPGROUP verwenden, um Ihre Nutzung der Website nachzuverfolgen, Informationen \u00fcber die Aktivit\u00e4t der Website zu sammeln und andere Dienste in Verbindung mit der Aktivit\u00e4t der Website und der Internetnutzung bereitzustellen. Google kann diese Informationen an Dritte weitergeben, wenn dies gesetzlich vorgeschrieben ist oder diese Dritten die Informationen im Namen von Google verarbeiten. Google wird Ihre IP-Adresse mit keinen anderen verf\u00fcgbaren Daten in Verbindung bringen.<br \/>\nDurch die Verwendung dieser Website stimmen Sie der Verarbeitung Ihrer Informationen durch Google in der oben dargelegten Weise und zu den entsprechenden Zwecken zu.<\/p>\n<p>Dies sind die Cookies, die in der Website verwendet werden:<\/p>\n<p><strong><\/p>\n<p><strong>SITZUNGS-COOKIES <\/strong><\/p>\n<p>Mit diesen Cookies werden Daten gesammelt und gespeichert, w\u00e4hrend Sie auf unsere Website zugreifen. Sie verbessern das Benutzererlebnis bei Ihrer Navigation auf unserer Website.<br \/>\nBenutzerkonfiguration zur Vermeidung von Cookies.<\/p>\n<p>Im Einklang mit den geltenden Rechtsnormen informieren wir Sie \u00fcber die M\u00f6glichkeit, Ihre(n) Internet-Browser so zu konfigurieren, dass in Bezug auf Cookies Ihre Daten gesch\u00fctzt bleiben und Ihre Sicherheit gew\u00e4hrleistet wird. Zu diesem Zweck stellen wir Ihnen die Informationen und die Links zu den offiziellen Support-Websites der wichtigsten Browser zur Verf\u00fcgung, sodass Sie entscheiden k\u00f6nnen, ob Sie der Verwendung von Cookies zustimmen m\u00f6chten oder nicht.<\/p>\n<p>Sie k\u00f6nnen Cookies mithilfe der Konfigurationswerkzeuge des Browsers blockieren bzw. Ihren Browser so konfigurieren, dass er Sie darauf hinweist, wenn ein Server versucht, ein Cookie zu speichern:<\/p>\n<ol>\n<li>a) F\u00fcr Chrome gehen Sie zu Einstellungen &gt; Erweiterte Einstellungen &gt; Datenschutz. Weitere Informationen finden Sie unter https:\/\/support.google.com\/chrome\/answer\/95647?hl=de<\/li>\n<li>b) In Microsoft Internet Explorer finden Sie die Option im Men\u00fc Extras &gt; Internetoptionen &gt; Datenschutz &gt; Konfiguration. Weitere Informationen finden Sie unter http:\/\/windows.microsoft.com\/de-de\/windows-vista\/block-or-allow-Cookies und <a href=\"https:\/\/support.microsoft.com\/de-de\/products\/windows?os=windows-10\" target=\"_blank\" rel=\"noopener\">http:\/\/windows.microsoft.com\/de-de\/windows7\/how-to-manage-Cookies-in-internet-explorer-9.<\/a><\/li>\n<li>c) In Firefox finden Sie die Option durch Anklicken der Men\u00fcschaltfl\u00e4che &gt; Einstellungen &gt; Datenschutz &gt; Cookies. Weitere Informationen finden Sie unter https:\/\/support.mozilla.org\/de\/kb\/cookies-erlauben-und-ablehnen.<\/li>\n<li>d) In Safari finden Sie die Option im Men\u00fc Pr\u00e4ferenzen\/Datenschutz. Weitere Information finden Sie unter<br \/>\n<a href=\"http:\/\/support.apple.com\/kb\/ph5042\" target=\"_blank\" rel=\"noopener\">http:\/\/support.apple.com\/kb\/ph5042<\/a>.<\/li>\n<li>e) In Opera k\u00f6nnen Sie den Browser in der Option Sicherheit und Datenschutz konfigurieren. Weitere Informationen finden Sie unter <a href=\"https:\/\/help.opera.com\/en\/latest\/web-preferences\/\" target=\"_blank\" rel=\"noopener\">https:\/\/help.opera.com\/en\/latest\/web-preferences\/<\/a><\/li>\n<\/ol>\n<p>Copyright \u00a9 Plastienvase S.L. Alle Rechte vorbehalten.<\/p>\n<\/div>\n<p>&nbsp;<\/p>\n","protected":false},"excerpt":{"rendered":"<p>Was ist ein Cookie? Cookies sind Dateien, die eine kleine Menge an Informationen enthalten und beim Besuch eines Benutzers auf [&hellip;]<\/p>\n","protected":false},"author":10,"featured_media":0,"parent":0,"menu_order":0,"comment_status":"closed","ping_status":"closed","template":"","meta":{"_acf_changed":false,"_uag_custom_page_level_css":"","footnotes":""},"class_list":["post-3919","page","type-page","status-publish","hentry"],"acf":[],"uagb_featured_image_src":{"full":false,"thumbnail":false,"medium":false,"medium_large":false,"large":false,"1536x1536":false,"2048x2048":false,"destacado-size":false,"cuadrado-size":false},"uagb_author_info":{"display_name":"AGSanchez","author_link":"https:\/\/www.spg-pack.com\/en\/author\/agsanchez\/"},"uagb_comment_info":0,"uagb_excerpt":"Was ist ein Cookie? Cookies sind Dateien, die eine kleine Menge an Informationen enthalten und beim Besuch eines Benutzers auf [&hellip;]","_links":{"self":[{"href":"https:\/\/www.spg-pack.com\/en\/wp-json\/wp\/v2\/pages\/3919","targetHints":{"allow":["GET"]}}],"collection":[{"href":"https:\/\/www.spg-pack.com\/en\/wp-json\/wp\/v2\/pages"}],"about":[{"href":"https:\/\/www.spg-pack.com\/en\/wp-json\/wp\/v2\/types\/page"}],"author":[{"embeddable":true,"href":"https:\/\/www.spg-pack.com\/en\/wp-json\/wp\/v2\/users\/10"}],"replies":[{"embeddable":true,"href":"https:\/\/www.spg-pack.com\/en\/wp-json\/wp\/v2\/comments?post=3919"}],"version-history":[{"count":3,"href":"https:\/\/www.spg-pack.com\/en\/wp-json\/wp\/v2\/pages\/3919\/revisions"}],"predecessor-version":[{"id":21068,"href":"https:\/\/www.spg-pack.com\/en\/wp-json\/wp\/v2\/pages\/3919\/revisions\/21068"}],"wp:attachment":[{"href":"https:\/\/www.spg-pack.com\/en\/wp-json\/wp\/v2\/media?parent=3919"}],"curies":[{"name":"wp","href":"https:\/\/api.w.org\/{rel}","templated":true}]}}