{"id":16252,"date":"2022-03-01T10:59:29","date_gmt":"2022-03-01T10:59:29","guid":{"rendered":"https:\/\/www.spg-pack.com\/trabaja-con-nosotros\/"},"modified":"2025-12-15T12:16:27","modified_gmt":"2025-12-15T11:16:27","slug":"arbeiten-sie-mit-uns","status":"publish","type":"page","link":"https:\/\/www.spg-pack.com\/de\/arbeiten-sie-mit-uns\/","title":{"rendered":"Das Team"},"content":{"rendered":"<p>Die Menschen von SP Group sind es, die den Unterschied machen. Wir f\u00f6rdern die berufliche Entwicklung unserer Mitarbeiter mit dem Ziel, ihnen bei der Entfaltung ihrer Talente zu helfen. Aus diesem Grund haben wir einen an die Bed\u00fcrfnisse jedes Bereichs angepassten Ausbildungsplan.<\/p>\n<p>Die Personen von SP Group bilden ein leistungsstarkes Team, bei dem Innovation, Teamarbeit, Initiative, Respekt und t\u00e4gliche Anstrengung die wichtigsten Werte darstellen. Unsere Mitarbeiter sind sich der Wichtigkeit kontinuierlicher Anpassung zur Erreichung der besten Ergebnisse im Rahmen der Anforderungen eines globalen Marktes bewusst.<\/p>\n<p>Wir suchen junge und dynamische Menschen, die Hindernisse \u00fcberwinden k\u00f6nnen und sich in einem internationalen Unternehmen weiterentwickeln m\u00f6chten. Wenn Sie diesem Profil entsprechen und zudem einen Titel in folgenden Bereichen haben: Ingenieurswesen, Finanzen und Buchhaltung, Informationstechnologie, Druck, F&amp;E, Kundendienst oder Verwaltung und anderen, w\u00fcrden wir gerne von Ihnen h\u00f6ren.<\/p>\n<p>In einer globalisierten Welt z\u00e4hlen Sprachkenntnisse zu den wertvollsten Kompetenzen. In SP Group werden Kenntnisse der englischen, franz\u00f6sischen aber auch polnischen, deutschen und russischen Sprache hoch gesch\u00e4tzt, da Interaktionen auf internationaler Ebene bei einem Gro\u00dfteil der Stellen zum Aufgabenbereich geh\u00f6ren.<\/p>\n<p>Wenn Sie an einer beruflichen Karriere bei uns interessiert sind, k\u00f6nnen Sie sich f\u00fcr die verschiedenen Standorte unserer Unternehmensgruppe bewerben:<\/p>\n<p>SPANIEN\u00a0<a href=\"mailto:recruitment.spain@spg-pack.com\">recruitment.spain@spg-pack.com<\/a><\/p>\n<p>FRANKREICH\u00a0<a href=\"mailto:recrutement.arras@spg-pack.com\">recrutement.arras@spg-pack.com<\/a><\/p>\n<p>Au\u00dferdem bieten wir Ihnen die M\u00f6glichkeit, in unserem Unternehmen bei Null anzufangen und die ersten Praxiserfahrungen in reellen Projekten zu sammeln. Aufbauend auf diesen Grundlagen und Kenntnissen k\u00f6nnen Sie Ihre berufliche Zukunft planen.<\/p>\n<p>Senden Sie uns eine E-Mail an RRHH@spg-pack.com mit folgendem Betreff: \u201ePR\u00c1CTICAS\u201c (Praktikum) oder \u201eCARRERA PROFESIONAL\u201c (berufliche Karriere). Wir warten auf Sie.<\/p>\n","protected":false},"excerpt":{"rendered":"<p>Die Menschen von SP Group sind es, die den Unterschied machen. Wir f\u00f6rdern die berufliche Entwicklung unserer Mitarbeiter mit dem [&hellip;]<\/p>\n","protected":false},"author":10,"featured_media":22686,"parent":0,"menu_order":0,"comment_status":"closed","ping_status":"closed","template":"page-general.php","meta":{"_acf_changed":false,"_uag_custom_page_level_css":"","footnotes":""},"class_list":["post-16252","page","type-page","status-publish","has-post-thumbnail","hentry"],"acf":[],"uagb_featured_image_src":{"full":["https:\/\/www.spg-pack.com\/wp-content\/uploads\/2023\/09\/equipo2.jpg",1400,485,false],"thumbnail":["https:\/\/www.spg-pack.com\/wp-content\/uploads\/2023\/09\/equipo2-150x150.jpg",150,150,true],"medium":["https:\/\/www.spg-pack.com\/wp-content\/uploads\/2023\/09\/equipo2-300x104.jpg",300,104,true],"medium_large":["https:\/\/www.spg-pack.com\/wp-content\/uploads\/2023\/09\/equipo2-768x266.jpg",640,222,true],"large":["https:\/\/www.spg-pack.com\/wp-content\/uploads\/2023\/09\/equipo2-1024x355.jpg",640,222,true],"1536x1536":["https:\/\/www.spg-pack.com\/wp-content\/uploads\/2023\/09\/equipo2.jpg",1400,485,false],"2048x2048":["https:\/\/www.spg-pack.com\/wp-content\/uploads\/2023\/09\/equipo2.jpg",1400,485,false],"destacado-size":["https:\/\/www.spg-pack.com\/wp-content\/uploads\/2023\/09\/equipo2-260x180.jpg",260,180,true],"cuadrado-size":["https:\/\/www.spg-pack.com\/wp-content\/uploads\/2023\/09\/equipo2-250x250.jpg",250,250,true]},"uagb_author_info":{"display_name":"AGSanchez","author_link":"https:\/\/www.spg-pack.com\/de\/author\/agsanchez\/"},"uagb_comment_info":0,"uagb_excerpt":"Die Menschen von SP Group sind es, die den Unterschied machen. Wir f\u00f6rdern die berufliche Entwicklung unserer Mitarbeiter mit dem [&hellip;]","_links":{"self":[{"href":"https:\/\/www.spg-pack.com\/de\/wp-json\/wp\/v2\/pages\/16252","targetHints":{"allow":["GET"]}}],"collection":[{"href":"https:\/\/www.spg-pack.com\/de\/wp-json\/wp\/v2\/pages"}],"about":[{"href":"https:\/\/www.spg-pack.com\/de\/wp-json\/wp\/v2\/types\/page"}],"author":[{"embeddable":true,"href":"https:\/\/www.spg-pack.com\/de\/wp-json\/wp\/v2\/users\/10"}],"replies":[{"embeddable":true,"href":"https:\/\/www.spg-pack.com\/de\/wp-json\/wp\/v2\/comments?post=16252"}],"version-history":[{"count":5,"href":"https:\/\/www.spg-pack.com\/de\/wp-json\/wp\/v2\/pages\/16252\/revisions"}],"predecessor-version":[{"id":30440,"href":"https:\/\/www.spg-pack.com\/de\/wp-json\/wp\/v2\/pages\/16252\/revisions\/30440"}],"wp:featuredmedia":[{"embeddable":true,"href":"https:\/\/www.spg-pack.com\/de\/wp-json\/wp\/v2\/media\/22686"}],"wp:attachment":[{"href":"https:\/\/www.spg-pack.com\/de\/wp-json\/wp\/v2\/media?parent=16252"}],"curies":[{"name":"wp","href":"https:\/\/api.w.org\/{rel}","templated":true}]}}