{"id":16244,"date":"2022-03-15T08:29:57","date_gmt":"2022-03-15T08:29:57","guid":{"rendered":"https:\/\/www.spg-pack.com\/politica-de-privacidad\/"},"modified":"2023-04-26T09:38:02","modified_gmt":"2023-04-26T09:38:02","slug":"datenschutz","status":"publish","type":"page","link":"https:\/\/www.spg-pack.com\/de\/datenschutz\/","title":{"rendered":"Datenschutz"},"content":{"rendered":"<p><strong>DATENSCHUTZRICHTLINIE<\/strong><\/p>\n<p>PLASTIENVASE SL stellt Ihnen \u00fcber seine Website <a href=\"https:\/\/www.spg-pack.com\/de\/\">www.spg-pack.com<\/a> diese Datenschutzrichtlinie zur Verf\u00fcgung, um Sie detailliert dar\u00fcber zu informieren, wie wir Ihre personenbezogenen Daten verarbeiten und Ihre Privatsph\u00e4re und die Informationen, die Sie uns zur Verf\u00fcgung stellen, sch\u00fctzen. Wir werden Sie \u00fcber etwaige k\u00fcnftige \u00c4nderungen dieser Richtlinie mittels der Website oder auf anderem Wege informieren, damit Sie sich \u00fcber die neuen Bestimmungen der Datenschutzrichtlinie informieren k\u00f6nnen.<\/p>\n<p>In \u00dcbereinstimmung mit der Datenschutz-Grundverordnung (EU) 2016\/679 und dem spanischen Gesetz 3\/2018 vom 5. Dezember \u00fcber den Schutz personenbezogener Daten und die Gew\u00e4hrleistung digitaler Rechte, informieren wir Sie \u00fcber Folgendes:<\/p>\n<p>&nbsp;<\/p>\n<p><strong>Datenverantwortlicher<\/strong><\/p>\n<p>Name: PLASTIENVASE SL<\/p>\n<p>Steuernummer: B14853485<\/p>\n<p>Firmensitz: Carretera de Palma del R\u00edo, km 10 &#8211; 14710 Villarrubia, C\u00f3rdoba<\/p>\n<p>Telefon: 0034 957767612<\/p>\n<p>E-Mail: info@spg-pack.com<\/p>\n<p>Website: www.spg-pack.com<\/p>\n<p>&nbsp;<\/p>\n<p><strong>Zu welchem Zweck werden Ihre personenbezogenen Daten verarbeitet?<\/strong><\/p>\n<p>Wir erheben und verarbeiten Ihre personenbezogenen Daten im Allgemeinen, um unsere Beziehung zu Ihnen aufrechtzuerhalten. Dabei werden die folgenden Hauptzwecke verfolgt:<\/p>\n<ul>\n<li>Verwaltung und Erwerb der von unserem Unternehmen angebotenen Produkte und Dienstleistungen.<\/li>\n<li>Bearbeitung etwaiger Informationsanfragen, Vorschl\u00e4ge und Beschwerden.<\/li>\n<li>Bereitstellung von Informationen mittels verschiedener Kommunikationskan\u00e4le \u00fcber Veranstaltungen, Angebote, Produkte und Dienstleistungen, die f\u00fcr Sie von Interesse sein k\u00f6nnten, sofern Sie Ihre Zustimmung dazu gegeben haben.<\/li>\n<li>Verwaltung der Besch\u00e4ftigungsbeziehungen mit unseren Mitarbeitern.<\/li>\n<li>Verwaltung der Gesch\u00e4ftsbeziehungen mit unseren Lieferanten.<\/li>\n<li>Durchf\u00fchrung von Personalauswahlverfahren.<\/li>\n<li>Gew\u00e4hrleistung der Sicherheit von Menschen und Anlagen.<\/li>\n<\/ul>\n<p>&nbsp;<\/p>\n<p><strong>Wie erheben wir Ihre Daten? <\/strong><\/p>\n<p>Wir erheben Ihre personenbezogenen Daten auf unterschiedliche Weise. Sie werden jedoch immer zum Zeitpunkt der Erhebung \u00fcber den Datenverantwortlichen, den Zweck und die Rechtsgrundlage der Verarbeitung, die Empf\u00e4nger der Daten und die Dauer der Aufbewahrung Ihrer Daten sowie \u00fcber die Vorgehensweise zur Aus\u00fcbung Ihrer Datenschutzrechte informiert.<\/p>\n<p>Im Allgemeinen beschr\u00e4nken sich die von uns verarbeiteten personenbezogenen Daten auf die Identifikationsdaten (Vor- und Nachname, Geburtsdatum, Adresse, Ausweisnummer, Telefonnummer und E-Mail-Adresse), die erworbenen Produkte bzw. Dienstleistungen sowie die Zahlungs- und Rechnungsdaten.<\/p>\n<p>Wir erhalten die Identifikationsdaten (Name, Vorname, Personalausweisnummer, Postanschrift, Telefon, E-Mail) und beruflichen Daten (Position, Arbeitsort, T\u00e4tigkeitsbereich) unserer potenziellen Kunden\/Nutzer direkt von ihnen selbst, wenn sie \u00fcber die vorgesehenen Kan\u00e4le Informationen anfordern und Kaufanfragen stellen.<\/p>\n<p>Im Rahmen der Personalverwaltung und -auswahl erheben wir bildungs- und berufsbezogene Daten in Bezug auf die Verpflichtungen, die sich aus der Aufrechterhaltung des Arbeitsverh\u00e4ltnisses ergeben, oder eine m\u00f6gliche Eingliederung in unser Mitarbeiterteam.<\/p>\n<p>Wir nutzen die sozialen Medien als weitere M\u00f6glichkeit, Sie zu erreichen. Die von Ihnen ver\u00f6ffentlichten Nachrichten und Mitteilungen k\u00f6nnen personenbezogene Daten enthalten, die online verf\u00fcgbar und der \u00d6ffentlichkeit zug\u00e4nglich sind. Die sozialen Netzwerke haben ihre eigenen Datenschutzrichtlinien, in denen erkl\u00e4rt wird, wie sie Ihre Daten verwenden und weitergeben. Wir empfehlen Ihnen daher, diese Richtlinien zu lesen, bevor Sie soziale Netzwerke nutzen, um zu best\u00e4tigen, dass Sie mit der Art und Weise, wie Ihre Daten erfasst, verarbeitet und weitergegeben werden, einverstanden sind.<\/p>\n<p>Mithilfe unserer Website erheben wir durch die Verwendung von Cookies personenbezogenen Daten \u00fcber Ihre Internetnutzung. Um genau zu erfahren, welche Cookies wir verwenden, welchen Zweck sie haben und wie sie konfiguriert oder deaktiviert werden k\u00f6nnen, lesen Sie bitte unsere <u>Cookie-Richtlinie<\/u>.<\/p>\n<p>Dar\u00fcber hinaus verf\u00fcgen unsere Einrichtungen \u00fcber ein Video\u00fcberwachungssystem, um die Sicherheit von Personen und Waren zu gew\u00e4hrleisten. Es ist daher m\u00f6glich, dass Bilder von Ihnen aufgezeichnet werden, einfach nur weil Sie unsere Einrichtungen besuchen. Diese Bilder werden f\u00fcr einen Zeitraum von h\u00f6chstens einem Monat nach ihrer Aufzeichnung aufbewahrt und nur dann der Polizei zur Verf\u00fcgung gestellt, wenn dies erforderlich sein sollte.<\/p>\n<p>&nbsp;<\/p>\n<p><strong>Verantwortlichkeiten des Benutzers <\/strong><\/p>\n<p>Indem Sie uns Ihre Daten auf elektronischem Wege zur Verf\u00fcgung stellen, versichern Sie, dass Sie \u00fcber 14 Jahre alt sind und die von Ihnen angegebenen Daten wahrheitsgem\u00e4\u00df, genau, vollst\u00e4ndig und auf dem neuesten Stand sind. In diesem Sinne best\u00e4tigt der Benutzer die Richtigkeit der \u00fcbermittelten Daten und verpflichtet sich, sie auf dem neuesten Stand zu halten, sodass sie der tats\u00e4chlichen Situation entsprechen. Der Benutzer \u00fcbernimmt die Verantwortung f\u00fcr falsche oder ungenaue Daten, die der Benutzer zur Verf\u00fcgung stellt, sowie f\u00fcr alle direkten oder indirekten Sch\u00e4den, die daraus entstehen k\u00f6nnen.<\/p>\n<p>&nbsp;<\/p>\n<p><strong>Wie lange bewahren wir Ihre Daten auf?<\/strong><\/p>\n<p>Wir bewahren Ihre Daten nur so lange auf, wie es notwendig ist, um den Zweck zu erf\u00fcllen, f\u00fcr den sie erhoben wurden, um den uns auferlegten gesetzlichen Verpflichtungen nachzukommen und um eventuelle Pflichten zu erf\u00fcllen, die sich aus der Erf\u00fcllung des Zwecks ergeben, f\u00fcr den die Daten erhoben wurden.<\/p>\n<p>Falls Sie sich auf eine unserer Stellen bewerben m\u00f6chten, werden die von Ihnen angegebenen Daten in unsere Jobb\u00f6rse aufgenommen und f\u00fcr die Dauer des Auswahlverfahrens und maximal zwei Jahre oder bis zur Aus\u00fcbung Ihres Rechts auf L\u00f6schung gespeichert.<\/p>\n<p>Wenn wir zu irgendeinem Zeitpunkt Ihre Daten erhoben haben, um mit Ihnen als potenziellem Nutzer unserer Dienste in Kontakt zu treten oder um auf eine Informationsanfrage von Ihnen zu antworten, werden diese Daten f\u00fcr maximal zwei Jahre ab dem Datum der Erhebung aufbewahrt und, sofern kein Vertragsverh\u00e4ltnis zustande gekommen ist, nach diesem Zeitraum oder aber auf Ihren Wunsch hin gel\u00f6scht.<\/p>\n<p>Im Allgemeinen bewahren wir Ihre personenbezogenen Daten so lange auf, wie eine vertragliche Beziehung zwischen Ihnen und uns besteht und Sie nicht von Ihrem Recht auf L\u00f6schung und\/oder Einschr\u00e4nkung der Verarbeitung Gebrauch machen. Sollten Sie dies tun, werden die Daten gesperrt und nicht weiter verwendet, sondern nur noch aufbewahrt, solange sie f\u00fcr die Geltendmachung oder Verteidigung von Anspr\u00fcchen oder f\u00fcr etwaige Haftungsfragen jeglicher Art erforderlich sein k\u00f6nnen.<\/p>\n<p><strong>\u00a0<\/strong><\/p>\n<p><strong>An wen geben wir Ihre Daten weiter?<\/strong><\/p>\n<p>Im Allgemeinen geben wir Ihre personenbezogenen Daten nicht weiter, es sei denn, wir sind gesetzlich dazu verpflichtet.<\/p>\n<p>Obwohl es sich hierbei nicht um eine \u00dcbermittlung von Daten handelt, kann es sein, dass Drittunternehmen, die als unsere Zulieferer fungieren, Zugriff auf Ihre Daten erhalten, um die von uns in Auftrag gegebene Leistung zu erbringen. Diese Datenverarbeiter greifen entsprechend unseren Anweisungen auf Ihre Daten zu und d\u00fcrfen diese nicht f\u00fcr andere Zwecke verwenden. Sie sind zudem zu strikter Vertraulichkeit verpflichtet.<\/p>\n<p>Sollte es aufgrund eines von unseren \u00dcberwachungskameras aufgezeichneten Vorfalls notwendig werden, kann es sein, dass die Bilder gem\u00e4\u00df den gesetzlichen Bestimmungen an die Polizei \u00fcbermittelt werden.<\/p>\n<p>Ebenso k\u00f6nnen Ihre personenbezogenen Daten der \u00f6ffentlichen Verwaltung, Richtern und Gerichten zur Verf\u00fcgung gestellt werden, wenn m\u00f6gliche Verantwortlichkeiten im Zusammenhang mit der Verarbeitung zu kl\u00e4ren sind.<\/p>\n<p>&nbsp;<\/p>\n<p><strong>Internationale Daten\u00fcbermittlung<\/strong><\/p>\n<p>Es findet keine internationale \u00dcbermittlung Ihrer Daten in L\u00e4nder au\u00dferhalb des Europ\u00e4ischen Wirtschaftsraums (EWR) statt.<\/p>\n<p>Wir haben mit unseren Lieferanten vereinbart, dass sie f\u00fcr die Erbringung von Leistungen f\u00fcr uns auf Server im EWR zur\u00fcckgreifen m\u00fcssen. Sollten wir in Zukunft auf Server au\u00dferhalb des EU-Gebietes zur\u00fcckgreifen m\u00fcssen, werden geeignete Ma\u00dfnahmen ergriffen und in diese Datenschutzrichtlinie aufgenommen, um sicherzustellen, dass die entsprechenden Lieferanten dem Privacy-Shield-Abkommen unterliegen oder dass andere geeignete Sicherheitsvorkehrungen vorhanden sind.<\/p>\n<p><strong>\u00a0<\/strong><\/p>\n<p><strong>Welche Rechte haben Sie in Bezug auf die Verarbeitung Ihrer Daten und wie k\u00f6nnen Sie diese aus\u00fcben?<\/strong><\/p>\n<p>Die Datenschutzbestimmungen erm\u00f6glichen Ihnen die Aus\u00fcbung Ihrer Rechte auf Zugang, Berichtigung, L\u00f6schung, \u00dcbertragbarkeit von Daten, Widerspruch gegen die Verarbeitung Ihrer Daten, Einschr\u00e4nkung der Verarbeitung Ihrer Daten sowie gegebenenfalls darauf, keinen Entscheidungen unterworfen zu werden, die ausschlie\u00dflich auf einer automatisierten Verarbeitung Ihrer Daten beruhen.<\/p>\n<p>Diese Rechte sind durch folgende Merkmale gekennzeichnet:<\/p>\n<ul>\n<li>Ihre Aus\u00fcbung ist kostenlos, es sei denn, es handelt sich um offensichtlich unbegr\u00fcndete oder \u00fcbertriebene Anfragen (z. B. wiederholte Anfragen); in diesem Fall k\u00f6nnen wir eine Geb\u00fchr entsprechend den anfallenden Verwaltungskosten erheben oder die Bearbeitung ablehnen.<\/li>\n<li>Sie k\u00f6nnen die Rechte direkt oder \u00fcber Ihren gesetzlichen bzw. einen freiwilligen Vertreter wahrnehmen.<\/li>\n<li>Wir m\u00fcssen Ihr Ersuchen innerhalb eines Monats beantworten, wobei diese Frist unter Ber\u00fccksichtigung der Komplexit\u00e4t und der Anzahl der Anfragen um weitere zwei Monate verl\u00e4ngert werden kann.<\/li>\n<li>Wir sind verpflichtet, Sie \u00fcber die Wege zur Aus\u00fcbung dieser Rechte zu informieren. Diese Wege m\u00fcssen zug\u00e4nglich sein, ohne dass wir Ihnen die Aus\u00fcbung des Rechts allein deswegen verweigern k\u00f6nnen, dass Sie einen anderen Weg gew\u00e4hlt haben. Wird der Antrag auf elektronischem Weg gestellt, werden die Informationen nach M\u00f6glichkeit auch auf elektronischem Weg \u00fcbermittelt, sofern Sie uns nicht um eine andere Vorgehensweise bitten.<\/li>\n<li>Wenn wir dem Antrag nicht nachkommen, werden wir Sie sp\u00e4testens innerhalb eines Monats \u00fcber die Gr\u00fcnde daf\u00fcr und \u00fcber die M\u00f6glichkeit einer Beschwerde bei einer Aufsichtsbeh\u00f6rde informieren<\/li>\n<\/ul>\n<p>Um die Aus\u00fcbung dieser Rechte zu erleichtern, finden Sie hier Links zu den Antragsformularen f\u00fcr die jeweiligen Rechte:<\/p>\n<p><a href=\"https:\/\/www.aepd.es\/media\/formularios\/formulario-derecho-de-acceso.pdf\" target=\"_blank\" rel=\"noopener\">Formular f\u00fcr die Aus\u00fcbung des Rechts auf Zugang<\/a><\/p>\n<p><a href=\"https:\/\/www.aepd.es\/media\/formularios\/formulario-derecho-de-rectificacion.pdf\" target=\"_blank\" rel=\"noopener\">Formular f\u00fcr die Aus\u00fcbung des Rechts auf Berichtigung<\/a><\/p>\n<p><a href=\"https:\/\/www.aepd.es\/media\/formularios\/formulario-derecho-de-oposicion.pdf\" target=\"_blank\" rel=\"noopener\">Formular f\u00fcr die Aus\u00fcbung des Rechts auf Widerspruch<\/a><\/p>\n<p><a href=\"https:\/\/www.aepd.es\/media\/formularios\/formulario-derecho-de-supresion.pdf\" target=\"_blank\" rel=\"noopener\">Formular zur Aus\u00fcbung des Rechts auf L\u00f6schung (Recht auf \u201eVergessen\u201c)<\/a><\/p>\n<p><a href=\"https:\/\/www.aepd.es\/media\/formularios\/formulario-derecho-de-limitacion.pdf\" target=\"_blank\" rel=\"noopener\">Formular zur Aus\u00fcbung des Rechts auf Einschr\u00e4nkung der Verarbeitung<\/a><\/p>\n<p><a href=\"https:\/\/www.aepd.es\/media\/formularios\/formulario-derecho-de-portabilidad.pdf\" target=\"_blank\" rel=\"noopener\">Formular zur Aus\u00fcbung des Rechts auf \u00dcbertragbarkeit<\/a><\/p>\n<p><a href=\"https:\/\/www.aepd.es\/media\/formularios\/formulario-derecho-de-oposicion-decisiones-automatizadas.pdf\" target=\"_blank\" rel=\"noopener\">Formular zur Aus\u00fcbung des Rechts darauf, keinen automatisierten Einzelentscheidungen unterworfen zu werden<\/a><\/p>\n<p>&nbsp;<\/p>\n<p>Zur Aus\u00fcbung Ihrer Rechte stehen Ihnen folgende Wege zur Verf\u00fcgung:<\/p>\n<ol>\n<li>Schriftlicher und unterschriebener Antrag beim Unternehmen, Betreff: \u201eEjercicio de Derechos LOPD\u201c (dt. Aus\u00fcbung der Rechte laut Datenschutzgesetz).<\/li>\n<li>Versand des eingescannten und unterschriebenen Formulars an die oben genannte E-Mail-Adresse unter Angabe von \u201eEjercicio de Derechos LOPD\u201c (dt. Aus\u00fcbung der Rechte laut Datenschutzgesetz) in der Betreffzeile.<\/li>\n<\/ol>\n<p>In beiden F\u00e4llen m\u00fcssen Sie Ihre Identit\u00e4t nachweisen, indem Sie eine Fotokopie oder gegebenenfalls eine eingescannte Kopie Ihres Personalausweises oder eines gleichwertigen Dokuments beif\u00fcgen, sodass wir \u00fcberpr\u00fcfen k\u00f6nnen, ob wir ausschlie\u00dflich der betroffenen Person antworten oder ihrem gesetzlichen Vertreter (in diesem Fall muss eine Vertretungsvollmacht vorgelegt werden).<\/p>\n<p>Wenn Sie der Meinung sind, dass Sie Ihre Rechte nicht in vollem Umfang aus\u00fcben konnten, k\u00f6nnen Sie eine Beschwerde bei der nationalen Aufsichtsbeh\u00f6rde einreichen. Wenden Sie sich zu diesem Zweck an die spanische Datenschutzbeh\u00f6rde: Agencia Espa\u00f1ola de Protecci\u00f3n de Datos C\/ Jorge Juan, 6 \u2013 28001 Madrid.<\/p>\n<p>&nbsp;<\/p>\n<p><strong>Wie sch\u00fctzen wir Ihre Daten?<\/strong><\/p>\n<p>Wir verpflichten uns, Ihre personenbezogenen Daten zu sch\u00fctzen.<\/p>\n<p>Wir ergreifen angemessen zuverl\u00e4ssige und wirksame physische, organisatorische und technische Ma\u00dfnahmen, Kontrollen und Verfahren, um die Integrit\u00e4t und Sicherheit Ihrer Daten zu wahren und Ihre Privatsph\u00e4re zu sch\u00fctzen.<\/p>\n<p>Dar\u00fcber hinaus wurden alle Mitarbeiter, die Zugang zu personenbezogenen Daten haben, in Bezug auf die Verarbeitung personenbezogener Daten geschult und sind sich ihrer diesbez\u00fcglichen Pflichten bewusst.<\/p>\n<p>Die Vertr\u00e4ge mit unseren Lieferanten enthalten Klauseln, die sie zur Geheimhaltung der personenbezogenen Daten, zu denen sie im Rahmen des Auftrags Zugang haben, sowie zur Umsetzung der erforderlichen technischen und organisatorischen Sicherheitsma\u00dfnahmen f\u00fcr die st\u00e4ndige Wahrung der Vertraulichkeit, Integrit\u00e4t, Verf\u00fcgbarkeit und Belastbarkeit der Systeme und Dienste bei der Verarbeitung personenbezogener Daten verpflichten.<\/p>\n<p>Alle diese Sicherheitsma\u00dfnahmen werden regelm\u00e4\u00dfig \u00fcberpr\u00fcft, um ihre Angemessenheit und Wirksamkeit zu gew\u00e4hrleisten.<\/p>\n<p>Absolute Sicherheit kann allerdings nicht garantiert werden und kein Sicherheitssystem ist undurchdringlich. Falls von uns verarbeitete oder unter unserer Kontrolle befindliche Daten infolge einer Sicherheitsl\u00fccke beeintr\u00e4chtigt werden, unternehmen wir geeignete Schritte, um den Vorfall zu untersuchen, die Aufsichtsbeh\u00f6rde zu benachrichtigen und gegebenenfalls die betroffenen Benutzer zu informieren, damit diese geeignete Ma\u00dfnahmen ergreifen.<\/p>\n","protected":false},"excerpt":{"rendered":"<p>DATENSCHUTZRICHTLINIE PLASTIENVASE SL stellt Ihnen \u00fcber seine Website www.spg-pack.com diese Datenschutzrichtlinie zur Verf\u00fcgung, um Sie detailliert dar\u00fcber zu informieren, wie [&hellip;]<\/p>\n","protected":false},"author":10,"featured_media":0,"parent":0,"menu_order":0,"comment_status":"closed","ping_status":"closed","template":"","meta":{"_acf_changed":false,"_uag_custom_page_level_css":"","footnotes":""},"class_list":["post-16244","page","type-page","status-publish","hentry"],"acf":[],"uagb_featured_image_src":{"full":false,"thumbnail":false,"medium":false,"medium_large":false,"large":false,"1536x1536":false,"2048x2048":false,"destacado-size":false,"cuadrado-size":false},"uagb_author_info":{"display_name":"AGSanchez","author_link":"https:\/\/www.spg-pack.com\/de\/author\/agsanchez\/"},"uagb_comment_info":0,"uagb_excerpt":"DATENSCHUTZRICHTLINIE PLASTIENVASE SL stellt Ihnen \u00fcber seine Website www.spg-pack.com diese Datenschutzrichtlinie zur Verf\u00fcgung, um Sie detailliert dar\u00fcber zu informieren, wie [&hellip;]","_links":{"self":[{"href":"https:\/\/www.spg-pack.com\/de\/wp-json\/wp\/v2\/pages\/16244","targetHints":{"allow":["GET"]}}],"collection":[{"href":"https:\/\/www.spg-pack.com\/de\/wp-json\/wp\/v2\/pages"}],"about":[{"href":"https:\/\/www.spg-pack.com\/de\/wp-json\/wp\/v2\/types\/page"}],"author":[{"embeddable":true,"href":"https:\/\/www.spg-pack.com\/de\/wp-json\/wp\/v2\/users\/10"}],"replies":[{"embeddable":true,"href":"https:\/\/www.spg-pack.com\/de\/wp-json\/wp\/v2\/comments?post=16244"}],"version-history":[{"count":5,"href":"https:\/\/www.spg-pack.com\/de\/wp-json\/wp\/v2\/pages\/16244\/revisions"}],"predecessor-version":[{"id":21065,"href":"https:\/\/www.spg-pack.com\/de\/wp-json\/wp\/v2\/pages\/16244\/revisions\/21065"}],"wp:attachment":[{"href":"https:\/\/www.spg-pack.com\/de\/wp-json\/wp\/v2\/media?parent=16244"}],"curies":[{"name":"wp","href":"https:\/\/api.w.org\/{rel}","templated":true}]}}